{"id":48,"date":"2023-10-30T21:47:15","date_gmt":"2023-10-30T20:47:15","guid":{"rendered":"https:\/\/lesbotopia.com\/?page_id=48"},"modified":"2025-09-26T15:17:43","modified_gmt":"2025-09-26T21:17:43","slug":"english","status":"publish","type":"page","link":"https:\/\/lesbotopia.com\/index.php\/english\/","title":{"rendered":"English"},"content":{"rendered":"\n<p>Dykes-Loving-Dykes fue publicado originalmente en 1990<\/p>\n\n\n\n<p>Los siguientes cap\u00edtulos tienen un link directo a los cap\u00edtulos en ingl\u00e9s que public\u00f3 Bev Jo en su blog: <a href=\"https:\/\/bevjoradicallesbian.wordpress.com\/\">Bev Jo \u2014 Radical Lesbian Feminist writing<\/a> en los \u00faltimos a\u00f1os. <\/p>\n\n\n\n<div class=\"wp-block-group\"><div class=\"wp-block-group__inner-container is-layout-constrained wp-block-group-is-layout-constrained\">\n<ul class=\"wp-block-list\">\n<li><a href=\"https:\/\/bevjoradicallesbian.wordpress.com\/2017\/09\/10\/introduction-to-dykes-loving-dykes-dyke-separatist-politics-25-years-update\/\">Why We Wrote This Book<\/a><\/li>\n<\/ul>\n\n\n\n<ul class=\"wp-block-list\">\n<li><a href=\"https:\/\/bevjoradicallesbian.wordpress.com\/2017\/09\/09\/chapteronethe-crimes-of-mankind\/\">Chapter 1 -The Crimes of Mankind<\/a><\/li>\n<\/ul>\n\n\n\n<ul class=\"wp-block-list\">\n<li><a href=\"https:\/\/bevjoradicallesbian.wordpress.com\/2017\/09\/08\/chapter-two-heterosexualityselling-out-is-not-compulsory-2\/\">Chapter 2 &#8211; How Patriarchy Uses Heterosexual and Bisexual Women against Lesbians Heterosexuality\/Selling Out Is Not Compulsory<\/a><\/li>\n<\/ul>\n\n\n\n<ul class=\"wp-block-list\">\n<li><a href=\"https:\/\/bevjoradicallesbian.wordpress.com\/2017\/09\/07\/chapter-three-heterosexism-among-lesbians-is-lesbian-hating\/\">Chapter 3 &#8211; Heterosexism Among Lesbians Is Lesbian-hating<\/a><\/li>\n<\/ul>\n\n\n\n<ul class=\"wp-block-list\">\n<li><a href=\"https:\/\/bevjoradicallesbian.wordpress.com\/2017\/09\/06\/chapter-four-2015-update-25-years-later-supporting-butches-supports-all-lesbians\/\">Chapter 4 &#8211; 2015 Update, 25 Years Later &#8211;  Supporting Butches supports all lesbians<\/a><\/li>\n<\/ul>\n\n\n\n<ul class=\"wp-block-list\">\n<li><a href=\"https:\/\/bevjoradicallesbian.wordpress.com\/2017\/09\/05\/chapterfivelesbians-for-lesbians-dyke-separatism\/\">Chapter 5 &#8211; Lesbians for Lesbians &#8211; Dyke Separatism Means Loving Dykes<\/a><\/li>\n<\/ul>\n\n\n\n<ul class=\"wp-block-list\">\n<li><a href=\"https:\/\/bevjoradicallesbian.wordpress.com\/2017\/09\/04\/chaptersixleather-sm-bdsm-its-all-still-sadism-and-masochism\/\">Chapter 6 &#8211; Kink = Leather = S\/M = BDSM \u2014 It\u2019s All Still Sadism and Masochism<\/a><\/li>\n<\/ul>\n\n\n\n<ul class=\"wp-block-list\">\n<li><a href=\"https:\/\/bevjoradicallesbian.wordpress.com\/2017\/09\/03\/chapter-seven-motherhood-the-ultimate-feminine-role\/\">Chapter 7 &#8211; Motherhood: The Ultimate Feminine Role<\/a><\/li>\n<\/ul>\n\n\n\n<ul class=\"wp-block-list\">\n<li><a href=\"https:\/\/bevjoradicallesbian.wordpress.com\/2017\/09\/02\/chapter-eight-patriarchy-is-one-big-unhappy-family\/\">Chapter 8 &#8211; Patriarchy is one big unhappy family <\/a><\/li>\n<\/ul>\n\n\n\n<ul class=\"wp-block-list\">\n<li><a href=\"https:\/\/bevjoradicallesbian.wordpress.com\/2017\/09\/01\/chapter-nine-hidden-disability-by-bev-jo-and-linda-strega-2\/\">Chapter 9 &#8211; Hidden Disability<\/a><\/li>\n<\/ul>\n\n\n\n<ul class=\"wp-block-list\">\n<li><a href=\"https:\/\/bevjoradicallesbian.wordpress.com\/2017\/08\/31\/chaptertenif-looks-could-kill-looksism-the-most-personal-oppression\/\">Chapter 10 &#8211; If looks could kill Looksism: The Most Personal Oppression<\/a><\/li>\n<\/ul>\n\n\n\n<div style=\"height:55px\" aria-hidden=\"true\" class=\"wp-block-spacer\"><\/div>\n<\/div><\/div>\n","protected":false},"excerpt":{"rendered":"<p>Dykes-Loving-Dykes fue publicado originalmente en 1990 Los siguientes cap\u00edtulos tienen un link directo a los cap\u00edtulos en ingl\u00e9s que public\u00f3 Bev Jo en su blog: Bev Jo \u2014 Radical Lesbian Feminist writing en los \u00faltimos a\u00f1os.<\/p>\n","protected":false},"author":1,"featured_media":0,"parent":0,"menu_order":0,"comment_status":"closed","ping_status":"closed","template":"","meta":{"_themeisle_gutenberg_block_has_review":false,"footnotes":""},"class_list":["post-48","page","type-page","status-publish","hentry"],"_links":{"self":[{"href":"https:\/\/lesbotopia.com\/index.php\/wp-json\/wp\/v2\/pages\/48","targetHints":{"allow":["GET"]}}],"collection":[{"href":"https:\/\/lesbotopia.com\/index.php\/wp-json\/wp\/v2\/pages"}],"about":[{"href":"https:\/\/lesbotopia.com\/index.php\/wp-json\/wp\/v2\/types\/page"}],"author":[{"embeddable":true,"href":"https:\/\/lesbotopia.com\/index.php\/wp-json\/wp\/v2\/users\/1"}],"replies":[{"embeddable":true,"href":"https:\/\/lesbotopia.com\/index.php\/wp-json\/wp\/v2\/comments?post=48"}],"version-history":[{"count":10,"href":"https:\/\/lesbotopia.com\/index.php\/wp-json\/wp\/v2\/pages\/48\/revisions"}],"predecessor-version":[{"id":542,"href":"https:\/\/lesbotopia.com\/index.php\/wp-json\/wp\/v2\/pages\/48\/revisions\/542"}],"wp:attachment":[{"href":"https:\/\/lesbotopia.com\/index.php\/wp-json\/wp\/v2\/media?parent=48"}],"curies":[{"name":"wp","href":"https:\/\/api.w.org\/{rel}","templated":true}]}}