{"id":255,"date":"2024-01-11T22:26:40","date_gmt":"2024-01-12T04:26:40","guid":{"rendered":"https:\/\/lesbotopia.com\/?page_id=255"},"modified":"2024-07-26T17:02:07","modified_gmt":"2024-07-26T23:02:07","slug":"dykes-loving-dykes-en-espanol","status":"publish","type":"page","link":"https:\/\/lesbotopia.com\/index.php\/dykes-loving-dykes-en-espanol\/","title":{"rendered":"Dykes-Loving-Dykes en espa\u00f1ol"},"content":{"rendered":"\n<p class=\"has-text-align-right has-small-font-size\">Traducciones autorizadas por Bev Jo<\/p>\n\n\n\n<div class=\"wp-block-columns is-layout-flex wp-container-core-columns-is-layout-28f84493 wp-block-columns-is-layout-flex\">\n<div class=\"wp-block-column is-layout-flow wp-block-column-is-layout-flow\">\n<p class=\"has-text-align-right has-text-color has-link-color has-small-font-size wp-elements-5877e049168fb70087c21e4343cb136e\" style=\"color:#a58888\">Como comunidad de Lesbianas Radicales Separatistas,\u00a0lo que aqu\u00ed publicamos y traducimos es para otras Lesbianas. <strong>NO<\/strong>\u00a0consentimos que el contenido de esta p\u00e1gina sea utilizado para fines acad\u00e9micos o de cualquier otra Instituci\u00f3n hetero-patriarcal.<\/p>\n<\/div>\n<\/div>\n\n\n\n<p class=\"has-text-align-right has-small-font-size\"><\/p>\n\n\n\n<div class=\"wp-block-query alignfull is-layout-flow wp-block-query-is-layout-flow\">\n<div class=\"wp-block-group\" style=\"padding-top:var(--wp--preset--spacing--40);padding-right:var(--wp--preset--spacing--40);padding-bottom:var(--wp--preset--spacing--40);padding-left:var(--wp--preset--spacing--40)\"><div class=\"wp-block-group__inner-container is-layout-constrained wp-container-core-group-is-layout-a666d811 wp-block-group-is-layout-constrained\"><ul style=\"text-transform:none;\" class=\"wp-block-post-template is-layout-flow wp-block-post-template-is-layout-flow\"><li class=\"wp-block-post post-152 post type-post status-publish format-standard hentry category-dykes-loving-dykes\">\n\n<div class=\"wp-block-group is-content-justification-left\"><div class=\"wp-block-group__inner-container is-layout-constrained wp-container-core-group-is-layout-177c594d wp-block-group-is-layout-constrained\">\n<div class=\"wp-block-group is-vertical is-content-justification-left is-layout-flex wp-container-core-group-is-layout-5ec79e8f wp-block-group-is-layout-flex\" style=\"padding-bottom:var(--wp--preset--spacing--80)\"><div style=\"font-size:0.9rem;letter-spacing:1px; margin-top:0;margin-right:0;margin-bottom:0;margin-left:0;\" class=\"has-text-align-left has-link-color wp-elements-40956cc5d65d569222f28c888f81fa3d wp-block-post-date has-text-color has-contrast-color\"><time datetime=\"2023-12-15T02:08:39-06:00\">15\/12\/2023<\/time><\/div>\n\n\n<div class=\"wp-block-group\" style=\"margin-top:0;margin-bottom:0\"><div class=\"wp-block-group__inner-container is-layout-constrained wp-block-group-is-layout-constrained\"><h2 style=\"font-size:4.6rem;font-style:normal;font-weight:600;line-height:1;\" class=\"has-text-align-center has-link-color wp-elements-8fcc7ed6622d804ead286377b4afd3db wp-block-post-title has-text-color has-contrast-color\"><a href=\"https:\/\/lesbotopia.com\/index.php\/dykes-loving-dykes-politicas-separatistas-lesbicas\/\" target=\"_self\" >Dykes-Loving-Dykes: Pol\u00edticas separatistas l\u00e9sbicas<\/a><\/h2>\n\n<div style=\"line-height:1.7;\" class=\"wp-block-post-excerpt has-small-font-size\"><p class=\"wp-block-post-excerpt__excerpt\">En 1990, publicamos nuestro libro, Dykes-Loving-Dykes, para compartir nuestra comprensi\u00f3n sobre lo que est\u00e1 mal en nuestras comunidades, amistades y relaciones Lesbianas, y sobre c\u00f3mo ese da\u00f1o ha socavado el Feminismo L\u00e9sbico, el Feminismo L\u00e9sbico Radical, el Separatismo y el Feminismo Radical en general. Todo lo que describimos o predijimos ha resultado ser cierto. <\/p><\/div><\/div><\/div>\n<\/div>\n<\/div><\/div>\n\n<\/li><li class=\"wp-block-post post-205 post type-post status-publish format-standard hentry category-dykes-loving-dykes\">\n\n<div class=\"wp-block-group is-content-justification-left\"><div class=\"wp-block-group__inner-container is-layout-constrained wp-container-core-group-is-layout-177c594d wp-block-group-is-layout-constrained\">\n<div class=\"wp-block-group is-vertical is-content-justification-left is-layout-flex wp-container-core-group-is-layout-5ec79e8f wp-block-group-is-layout-flex\" style=\"padding-bottom:var(--wp--preset--spacing--80)\"><div style=\"font-size:0.9rem;letter-spacing:1px; margin-top:0;margin-right:0;margin-bottom:0;margin-left:0;\" class=\"has-text-align-left has-link-color wp-elements-40956cc5d65d569222f28c888f81fa3d wp-block-post-date has-text-color has-contrast-color\"><time datetime=\"2023-12-16T01:51:51-06:00\">16\/12\/2023<\/time><\/div>\n\n\n<div class=\"wp-block-group\" style=\"margin-top:0;margin-bottom:0\"><div class=\"wp-block-group__inner-container is-layout-constrained wp-block-group-is-layout-constrained\"><h2 style=\"font-size:4.6rem;font-style:normal;font-weight:600;line-height:1;\" class=\"has-text-align-center has-link-color wp-elements-8fcc7ed6622d804ead286377b4afd3db wp-block-post-title has-text-color has-contrast-color\"><a href=\"https:\/\/lesbotopia.com\/index.php\/capitulo-1-los-crimenes-de-la-humanidad\/\" target=\"_self\" >Cap\u00edtulo 1 &#8211; Los cr\u00edmenes de la humanidad<\/a><\/h2>\n\n<div style=\"line-height:1.7;\" class=\"wp-block-post-excerpt has-small-font-size\"><p class=\"wp-block-post-excerpt__excerpt\">Todos los hombres como grupo tienen poder sobre todas las mujeres. La abrumadora mayor\u00eda de hombres y ni\u00f1os acosan, atacan y\/o violan a la mayor\u00eda de las mujeres. Todas las ni\u00f1as y mujeres han sido acosadas sexualmente por ni\u00f1os y hombres, y la mayor\u00eda han sido agredidas sexualmente. Aquellos machos que no pueden atacarnos f\u00edsicamente tienen otras formas de poder que usan contra nosotras. <\/p><\/div><\/div><\/div>\n<\/div>\n<\/div><\/div>\n\n<\/li><li class=\"wp-block-post post-241 post type-post status-publish format-standard hentry category-dykes-loving-dykes\">\n\n<div class=\"wp-block-group is-content-justification-left\"><div class=\"wp-block-group__inner-container is-layout-constrained wp-container-core-group-is-layout-177c594d wp-block-group-is-layout-constrained\">\n<div class=\"wp-block-group is-vertical is-content-justification-left is-layout-flex wp-container-core-group-is-layout-5ec79e8f wp-block-group-is-layout-flex\" style=\"padding-bottom:var(--wp--preset--spacing--80)\"><div style=\"font-size:0.9rem;letter-spacing:1px; margin-top:0;margin-right:0;margin-bottom:0;margin-left:0;\" class=\"has-text-align-left has-link-color wp-elements-40956cc5d65d569222f28c888f81fa3d wp-block-post-date has-text-color has-contrast-color\"><time datetime=\"2024-01-03T16:10:10-06:00\">03\/01\/2024<\/time><\/div>\n\n\n<div class=\"wp-block-group\" style=\"margin-top:0;margin-bottom:0\"><div class=\"wp-block-group__inner-container is-layout-constrained wp-block-group-is-layout-constrained\"><h2 style=\"font-size:4.6rem;font-style:normal;font-weight:600;line-height:1;\" class=\"has-text-align-center has-link-color wp-elements-8fcc7ed6622d804ead286377b4afd3db wp-block-post-title has-text-color has-contrast-color\"><a href=\"https:\/\/lesbotopia.com\/index.php\/capitulo-2-heterosexualidad-venderse-no-es-obligatorio\/\" target=\"_self\" >Cap\u00edtulo 2 &#8211; Heterosexualidad \/ Venderse no es obligatorio<\/a><\/h2>\n\n<div style=\"line-height:1.7;\" class=\"wp-block-post-excerpt has-small-font-size\"><p class=\"wp-block-post-excerpt__excerpt\">Este cap\u00edtulo no pretende ser una cr\u00edtica personal a las mujeres que eligen ser heterosexuales y\/o bisexuales, sino una respuesta a la diluci\u00f3n del feminismo por parte de mujeres liberales\/de derecha que pretenden ser Feministas Radicales y que difunden mitos y mentiras para promover la heterosexualidad y la bisexualidad entre las mujeres. <\/p><\/div><\/div><\/div>\n<\/div>\n<\/div><\/div>\n\n<\/li><li class=\"wp-block-post post-275 post type-post status-publish format-standard hentry category-dykes-loving-dykes\">\n\n<div class=\"wp-block-group is-content-justification-left\"><div class=\"wp-block-group__inner-container is-layout-constrained wp-container-core-group-is-layout-177c594d wp-block-group-is-layout-constrained\">\n<div class=\"wp-block-group is-vertical is-content-justification-left is-layout-flex wp-container-core-group-is-layout-5ec79e8f wp-block-group-is-layout-flex\" style=\"padding-bottom:var(--wp--preset--spacing--80)\"><div style=\"font-size:0.9rem;letter-spacing:1px; margin-top:0;margin-right:0;margin-bottom:0;margin-left:0;\" class=\"has-text-align-left has-link-color wp-elements-40956cc5d65d569222f28c888f81fa3d wp-block-post-date has-text-color has-contrast-color\"><time datetime=\"2024-01-17T17:07:51-06:00\">17\/01\/2024<\/time><\/div>\n\n\n<div class=\"wp-block-group\" style=\"margin-top:0;margin-bottom:0\"><div class=\"wp-block-group__inner-container is-layout-constrained wp-block-group-is-layout-constrained\"><h2 style=\"font-size:4.6rem;font-style:normal;font-weight:600;line-height:1;\" class=\"has-text-align-center has-link-color wp-elements-8fcc7ed6622d804ead286377b4afd3db wp-block-post-title has-text-color has-contrast-color\"><a href=\"https:\/\/lesbotopia.com\/index.php\/capitulo-3-el-heterosexismo-entre-lesbianas-es-lesbo-odio\/\" target=\"_self\" >Cap\u00edtulo 3 &#8211; El heterosexismo entre Lesbianas es Lesbo-Odio<\/a><\/h2>\n\n<div style=\"line-height:1.7;\" class=\"wp-block-post-excerpt has-small-font-size\"><p class=\"wp-block-post-excerpt__excerpt\">Amo a las Lesbianas. A pesar de todos nuestros defectos, yo (Bev) creo que elegir ser Lesbiana es la mejor decisi\u00f3n que una mujer puede tomar en su vida. Si todas las mujeres decidieran ser Lesbianas, el patriarcado terminar\u00eda pronto. <\/p><\/div><\/div><\/div>\n<\/div>\n<\/div><\/div>\n\n<\/li><li class=\"wp-block-post post-537 post type-post status-publish format-standard hentry category-dykes-loving-dykes\">\n\n<div class=\"wp-block-group is-content-justification-left\"><div class=\"wp-block-group__inner-container is-layout-constrained wp-container-core-group-is-layout-177c594d wp-block-group-is-layout-constrained\">\n<div class=\"wp-block-group is-vertical is-content-justification-left is-layout-flex wp-container-core-group-is-layout-5ec79e8f wp-block-group-is-layout-flex\" style=\"padding-bottom:var(--wp--preset--spacing--80)\"><div style=\"font-size:0.9rem;letter-spacing:1px; margin-top:0;margin-right:0;margin-bottom:0;margin-left:0;\" class=\"has-text-align-left has-link-color wp-elements-40956cc5d65d569222f28c888f81fa3d wp-block-post-date has-text-color has-contrast-color\"><time datetime=\"2025-09-26T15:14:13-06:00\">26\/09\/2025<\/time><\/div>\n\n\n<div class=\"wp-block-group\" style=\"margin-top:0;margin-bottom:0\"><div class=\"wp-block-group__inner-container is-layout-constrained wp-block-group-is-layout-constrained\"><h2 style=\"font-size:4.6rem;font-style:normal;font-weight:600;line-height:1;\" class=\"has-text-align-center has-link-color wp-elements-8fcc7ed6622d804ead286377b4afd3db wp-block-post-title has-text-color has-contrast-color\"><a href=\"https:\/\/lesbotopia.com\/index.php\/capitulo-4-al-apoyar-a-las-butch-apoyamos-a-todas-las-lesbianas\/\" target=\"_self\" >Cap\u00edtulo 4 &#8211; Al apoyar a las Butch, apoyamos a todas las Lesbianas<\/a><\/h2>\n\n<div style=\"line-height:1.7;\" class=\"wp-block-post-excerpt has-small-font-size\"><p class=\"wp-block-post-excerpt__excerpt\">Sabemos por qu\u00e9 los hombres odian y temen a las Butches, pero \u00bfpor qu\u00e9 tambi\u00e9n lo hacen tantas mujeres, incluyendo Lesbianas? \u00bfEn serio, por qu\u00e9? <\/p><\/div><\/div><\/div>\n<\/div>\n<\/div><\/div>\n\n<\/li><\/ul><\/div><\/div>\n\n\n\n<div class=\"wp-block-group is-content-justification-left\" style=\"margin-top:0;margin-bottom:0;padding-top:0;padding-right:var(--wp--preset--spacing--40);padding-bottom:var(--wp--preset--spacing--40);padding-left:var(--wp--preset--spacing--40)\"><div class=\"wp-block-group__inner-container is-layout-constrained wp-container-core-group-is-layout-9821ac42 wp-block-group-is-layout-constrained\"><\/div><\/div>\n<\/div>\n","protected":false},"excerpt":{"rendered":"<p>Traducciones autorizadas por Bev Jo Como comunidad de Lesbianas Radicales Separatistas,\u00a0lo que aqu\u00ed publicamos y traducimos es para otras Lesbianas. NO\u00a0consentimos que el contenido de esta p\u00e1gina sea utilizado para fines acad\u00e9micos o de cualquier otra Instituci\u00f3n hetero-patriarcal.<\/p>\n","protected":false},"author":1,"featured_media":0,"parent":0,"menu_order":0,"comment_status":"closed","ping_status":"closed","template":"","meta":{"_themeisle_gutenberg_block_has_review":false,"footnotes":""},"class_list":["post-255","page","type-page","status-publish","hentry"],"_links":{"self":[{"href":"https:\/\/lesbotopia.com\/index.php\/wp-json\/wp\/v2\/pages\/255","targetHints":{"allow":["GET"]}}],"collection":[{"href":"https:\/\/lesbotopia.com\/index.php\/wp-json\/wp\/v2\/pages"}],"about":[{"href":"https:\/\/lesbotopia.com\/index.php\/wp-json\/wp\/v2\/types\/page"}],"author":[{"embeddable":true,"href":"https:\/\/lesbotopia.com\/index.php\/wp-json\/wp\/v2\/users\/1"}],"replies":[{"embeddable":true,"href":"https:\/\/lesbotopia.com\/index.php\/wp-json\/wp\/v2\/comments?post=255"}],"version-history":[{"count":35,"href":"https:\/\/lesbotopia.com\/index.php\/wp-json\/wp\/v2\/pages\/255\/revisions"}],"predecessor-version":[{"id":466,"href":"https:\/\/lesbotopia.com\/index.php\/wp-json\/wp\/v2\/pages\/255\/revisions\/466"}],"wp:attachment":[{"href":"https:\/\/lesbotopia.com\/index.php\/wp-json\/wp\/v2\/media?parent=255"}],"curies":[{"name":"wp","href":"https:\/\/api.w.org\/{rel}","templated":true}]}}